{"id":987531129,"date":"2026-03-12T17:48:29","date_gmt":"2026-03-12T15:48:29","guid":{"rendered":"https:\/\/soosikauppa.fi\/tuote\/backlands-habanero-biltong-100g\/"},"modified":"2026-03-18T17:31:55","modified_gmt":"2026-03-18T15:31:55","slug":"backlands-habanero-biltong-100g","status":"publish","type":"product","link":"https:\/\/soosikauppa.fi\/en\/product\/backlands-habanero-biltong-100g\/","title":{"rendered":"Backland&#8217;s Habanero Biltong 100g"},"content":{"rendered":"<p>Ainesosat: Naudanliha (FI), suola, korianterinsiemen, mustapippuri, chilikastike [Habanero-chili, sokeriruokoetikka], sokeri, punaviinietikka.<\/p>\n<p>Nutritional values per 100 g<br \/>Energy: 987 kJ \/ 236 kcal<br \/>Fat: 6 g<br \/>\u2013 of which saturates: 2 g<br \/>Carbohydrates: 8 g<br \/>\u2013 of which sugars: 5 g<br \/>Protein: 39 g<br \/>Salt: 5 g<\/p>\n<p>Strongly salted<\/p>\n\n<h2 class=\"wp-block-heading\"><strong>BILTONG STORAGE INSTRUCTIONS<\/strong><\/h2>\n\n<p>When you receive your bag of biltong, we recommend enjoying it fresh!<br\/>If you don\u2019t finish the whole bag at once, follow these guidelines to ensure the best shelf life: <\/p>\n\n<p><strong>Let it breathe:<\/strong> Transfer any remaining biltong into a paper bag or an open bowl. Airflow is important to help the product stay fresh and maintain its quality. <\/p>\n\n<p><strong>Storage location: <\/strong>Biltong does not need to be kept in the refrigerator. A room-temperature spot protected from direct sunlight is the best option. <\/p>\n\n<p><strong>Shelf life:<\/strong> When stored properly in a breathable container, biltong keeps well \u2014 often significantly longer than the date printed on the packaging.<\/p>\n\n<p><strong>Keep away from pets:<\/strong> The aroma of biltong is irresistible. Store it somewhere dogs, cats, and other pets cannot reach. <\/p>\n","protected":false},"excerpt":{"rendered":"<p>Backland&#8217;s Habanero Biltong tarjoaa t\u00e4ydellisen yhdistelm\u00e4n perinteist\u00e4 ilmakuivattua lihaa ja chilin yst\u00e4vi\u00e4 kiehtovaa makumaailmaa. Etel\u00e4afrikkalaiseen tyyliin valmistettu biltong eroaa tavallisesta kuivalihasta (beef jerky) edukseen: se on rakenteeltaan ihanan mureaa ja maultaan poikkeuksellisen syv\u00e4\u00e4 ja lihaisaa. <\/p>\n<p>Vaikka nimess\u00e4 komeilee Habanero, t\u00e4m\u00e4 tuote on tehty ehdottomasti maku edell\u00e4. Tulisuus on pidetty tyylikk\u00e4\u00e4n mietona, jotta Habaneron upea, luontaisen hedelm\u00e4inen aromi p\u00e4\u00e4see oikeuksiinsa ilman, ett\u00e4 se jyr\u00e4\u00e4 lihan omaa umamia. Jokainen suupala tarjoaa rikkaan lihan maun, jonka j\u00e4lkimainingeissa tuntuu miellytt\u00e4v\u00e4, pehme\u00e4 ja nopeasti haihtuva chilin l\u00e4mp\u00f6.  <\/p>\n<p>T\u00e4m\u00e4 on ykk\u00f6sluokan proteiiniv\u00e4lipala, joka sopii yht\u00e4 lailla vaellusreissulle, treenin j\u00e4lkeiseen palautumiseen kuin viikonlopun illanistujaisiin huurteisen juoman kaveriksi.<\/p>\n<p>Origin: Nokia \/ Finland<\/p>\n<p>Content: 100 g<\/p>\n","protected":false},"featured_media":987531104,"comment_status":"open","ping_status":"closed","template":"","meta":{"_seopress_robots_primary_cat":"none","_seopress_titles_title":"","_seopress_titles_desc":"","_seopress_robots_index":""},"product_brand":[],"product_cat":[502],"product_tag":[1064,1065,274],"class_list":{"0":"post-987531129","1":"product","2":"type-product","3":"status-publish","4":"has-post-thumbnail","6":"product_cat-naposteluun","7":"product_tag-biltong","8":"product_tag-kuivaliha","9":"product_tag-gluteeniton","11":"first","12":"instock","13":"taxable","14":"shipping-taxable","15":"purchasable","16":"product-type-simple"},"_links":{"self":[{"href":"https:\/\/soosikauppa.fi\/en\/wp-json\/wp\/v2\/product\/987531129","targetHints":{"allow":["GET"]}}],"collection":[{"href":"https:\/\/soosikauppa.fi\/en\/wp-json\/wp\/v2\/product"}],"about":[{"href":"https:\/\/soosikauppa.fi\/en\/wp-json\/wp\/v2\/types\/product"}],"replies":[{"embeddable":true,"href":"https:\/\/soosikauppa.fi\/en\/wp-json\/wp\/v2\/comments?post=987531129"}],"wp:featuredmedia":[{"embeddable":true,"href":"https:\/\/soosikauppa.fi\/en\/wp-json\/wp\/v2\/media\/987531104"}],"wp:attachment":[{"href":"https:\/\/soosikauppa.fi\/en\/wp-json\/wp\/v2\/media?parent=987531129"}],"wp:term":[{"taxonomy":"product_brand","embeddable":true,"href":"https:\/\/soosikauppa.fi\/en\/wp-json\/wp\/v2\/product_brand?post=987531129"},{"taxonomy":"product_cat","embeddable":true,"href":"https:\/\/soosikauppa.fi\/en\/wp-json\/wp\/v2\/product_cat?post=987531129"},{"taxonomy":"product_tag","embeddable":true,"href":"https:\/\/soosikauppa.fi\/en\/wp-json\/wp\/v2\/product_tag?post=987531129"}],"curies":[{"name":"wp","href":"https:\/\/api.w.org\/{rel}","templated":true}]}}