{"id":987531128,"date":"2026-03-10T20:24:56","date_gmt":"2026-03-10T18:24:56","guid":{"rendered":"https:\/\/soosikauppa.fi\/tuote\/firelli-chili-crunch-200g\/"},"modified":"2026-03-13T11:53:03","modified_gmt":"2026-03-13T09:53:03","slug":"firelli-chili-crunch-200g","status":"publish","type":"product","link":"https:\/\/soosikauppa.fi\/en\/product\/firelli-chili-crunch-200g\/","title":{"rendered":"Firelli Chili Crunch 200g"},"content":{"rendered":"<p>Ainesosat: Auringonkukka\u00f6ljy (57 %), punainen paprika, ruokosokeri, oliivi\u00f6ljy, ekstraneitsytoliivi\u00f6ljy, salottisipuli, suola, chilipaprika (2 %), sichuaninpippuri, sipuli, kuivattu herkkutatti (porcini), valkosipuli, inkiv\u00e4\u00e4ri, mustapippuri.<\/p>\n<p>Ravintosis\u00e4lt\u00f6 100 grammaa kohden<br \/>\nEnergiaa: 2737 kJ \/ 664 kcal<br \/>\nRasvaa: 63 g<br \/>\n\u2013 josta tyydyttyneit\u00e4: 7,7 g<br \/>\nHiilihydraatteja: 15 g<br \/>\n\u2013 josta sokeria: 13 g<br \/>\nProteiinia: 4,2 g<br \/>\nSuolaa: 2,5 g<\/p>\n","protected":false},"excerpt":{"rendered":"<p>Firelli Chili Crunch is Italy\u2019s answer to the global chili crisp phenomenon. This addictive, crunchy chili paste combines the perfect texture of roasted garlic and onion with the fruity, warming heat of Calabrian chili. <\/p>\n<p>Unlike its traditional Asian counterparts, Firelli brings the soul of the Mediterranean into the jar. A high-quality oil base, Southern Italian chilies, and the brand\u2019s signature umami depth make this an exceptionally versatile table condiment. It\u2019s not just about heat, but an irresistible balance of saltiness, flavor, and crunch.  <\/p>\n<p>This is your new go-to condiment you\u2019ll want to spoon onto everything: try it on pizza (just like real Firelli should be!), mix it into pasta, finish off your breakfast eggs, or take your avocado toast to a whole new level.<\/p>\n<p>Origin: Italy<\/p>\n<p>Seasoning Salt<br \/>Contents: 200 g<\/p>\n","protected":false},"featured_media":987531054,"comment_status":"open","ping_status":"closed","template":"","meta":{"_seopress_robots_primary_cat":"none","_seopress_titles_title":"","_seopress_titles_desc":"","_seopress_robots_index":""},"product_brand":[668],"product_cat":[59,501],"product_tag":[592],"class_list":{"0":"post-987531128","1":"product","2":"type-product","3":"status-publish","4":"has-post-thumbnail","6":"product_brand-casa-firelli","7":"product_cat-chilisoosit","8":"product_cat-mausteet","9":"product_tag-chilioljy","10":"pa_chililajike-calabrian","11":"pa_tulisuus-2-5-keskitulinen","13":"first","14":"instock","15":"taxable","16":"shipping-taxable","17":"purchasable","18":"product-type-simple"},"_links":{"self":[{"href":"https:\/\/soosikauppa.fi\/en\/wp-json\/wp\/v2\/product\/987531128","targetHints":{"allow":["GET"]}}],"collection":[{"href":"https:\/\/soosikauppa.fi\/en\/wp-json\/wp\/v2\/product"}],"about":[{"href":"https:\/\/soosikauppa.fi\/en\/wp-json\/wp\/v2\/types\/product"}],"replies":[{"embeddable":true,"href":"https:\/\/soosikauppa.fi\/en\/wp-json\/wp\/v2\/comments?post=987531128"}],"wp:featuredmedia":[{"embeddable":true,"href":"https:\/\/soosikauppa.fi\/en\/wp-json\/wp\/v2\/media\/987531054"}],"wp:attachment":[{"href":"https:\/\/soosikauppa.fi\/en\/wp-json\/wp\/v2\/media?parent=987531128"}],"wp:term":[{"taxonomy":"product_brand","embeddable":true,"href":"https:\/\/soosikauppa.fi\/en\/wp-json\/wp\/v2\/product_brand?post=987531128"},{"taxonomy":"product_cat","embeddable":true,"href":"https:\/\/soosikauppa.fi\/en\/wp-json\/wp\/v2\/product_cat?post=987531128"},{"taxonomy":"product_tag","embeddable":true,"href":"https:\/\/soosikauppa.fi\/en\/wp-json\/wp\/v2\/product_tag?post=987531128"}],"curies":[{"name":"wp","href":"https:\/\/api.w.org\/{rel}","templated":true}]}}