{"id":987530059,"date":"2026-02-03T00:12:28","date_gmt":"2026-02-02T22:12:28","guid":{"rendered":"https:\/\/soosikauppa.fi\/tuote\/astriai-astru-jalapeno-club-hot-sauce-150ml\/"},"modified":"2026-02-03T00:12:28","modified_gmt":"2026-02-02T22:12:28","slug":"astriai-astru-jalapeno-club-hot-sauce-150ml","status":"publish","type":"product","link":"https:\/\/soosikauppa.fi\/en\/product\/astriai-astru-jalapeno-club-hot-sauce-150ml\/","title":{"rendered":"A\u0161triai A\u0161tru Jalape\u00f1o Club Hot Sauce 150ml"},"content":{"rendered":"<p>Ingredients: Green bell pepper, Jalape\u00f1o chili, water, apple cider vinegar, lime juice, cane sugar, sea salt.<\/p>\n<p>Nutritional Information per 100 grams:<br \/>\nEnergy: 314 kJ \/ 75 kcal<br \/>\nFat: 1 g<br \/>\n\u2013 of which saturated: 0.1 g<br \/>\nCarbohydrates: 15.5 g<br \/>\n\u2013 of which sugars: 13 g<br \/>\nProtein: 0.6 g<br \/>\nSalt: 0.91 g<\/p>\n<p>Vegan, gluten-free, no additives or thickeners.<\/p>\n","protected":false},"excerpt":{"rendered":"<p>Welcome to the club where everyone is welcome. Jalape\u00f1o Club is a tribute to fresh greens and pure flavors. This sauce is a lively blend of fresh Jalape\u00f1o, crisp green bell pepper, and zesty lime \u2013 like a breeze from Mexican cuisine straight to Lithuania.  <\/p>\n<p>The flavor profile is bright, straightforward, and full of life. The natural heat from their own farm-grown chilies is tamed into a pleasant warmth (4\/10) that tingles comfortably without burning your tongue. Apple cider vinegar and a hint of cane sugar bring the citrusy tartness and the freshness of the chili into perfect balance. Since the sauce doesn\u2019t contain artificial thickeners, the taste is pure and natural.   <\/p>\n<p>This is the green heart of everyday cooking. It\u2019s the perfect companion for tacos, burritos, and nachos, but it also brightens up breakfast eggs, pizza, or a salad just as well. <\/p>\n<p>Origin: Lithuania<\/p>\n<p>Contents: 150 ml<\/p>\n","protected":false},"featured_media":987530058,"comment_status":"open","ping_status":"closed","template":"","meta":{"_seopress_robots_primary_cat":"none","_seopress_titles_title":"","_seopress_titles_desc":"","_seopress_robots_index":""},"product_brand":[1160],"product_cat":[503,59],"product_tag":[147],"class_list":{"0":"post-987530059","1":"product","2":"type-product","3":"status-publish","4":"has-post-thumbnail","6":"product_brand-astriai-astru","7":"product_cat-artesaanikastikkeet","8":"product_cat-chilisoosit","9":"product_tag-jalapeno","10":"pa_chililajike-jalapeno","11":"pa_tulisuus-2-5-keskitulinen","13":"first","14":"outofstock","15":"taxable","16":"shipping-taxable","17":"purchasable","18":"product-type-simple"},"_links":{"self":[{"href":"https:\/\/soosikauppa.fi\/en\/wp-json\/wp\/v2\/product\/987530059","targetHints":{"allow":["GET"]}}],"collection":[{"href":"https:\/\/soosikauppa.fi\/en\/wp-json\/wp\/v2\/product"}],"about":[{"href":"https:\/\/soosikauppa.fi\/en\/wp-json\/wp\/v2\/types\/product"}],"replies":[{"embeddable":true,"href":"https:\/\/soosikauppa.fi\/en\/wp-json\/wp\/v2\/comments?post=987530059"}],"wp:featuredmedia":[{"embeddable":true,"href":"https:\/\/soosikauppa.fi\/en\/wp-json\/wp\/v2\/media\/987530058"}],"wp:attachment":[{"href":"https:\/\/soosikauppa.fi\/en\/wp-json\/wp\/v2\/media?parent=987530059"}],"wp:term":[{"taxonomy":"product_brand","embeddable":true,"href":"https:\/\/soosikauppa.fi\/en\/wp-json\/wp\/v2\/product_brand?post=987530059"},{"taxonomy":"product_cat","embeddable":true,"href":"https:\/\/soosikauppa.fi\/en\/wp-json\/wp\/v2\/product_cat?post=987530059"},{"taxonomy":"product_tag","embeddable":true,"href":"https:\/\/soosikauppa.fi\/en\/wp-json\/wp\/v2\/product_tag?post=987530059"}],"curies":[{"name":"wp","href":"https:\/\/api.w.org\/{rel}","templated":true}]}}