{"id":987528801,"date":"2025-12-01T19:50:10","date_gmt":"2025-12-01T17:50:10","guid":{"rendered":"https:\/\/soosikauppa.fi\/tuote\/roots-radicals-sambal-hot-sauce-194g\/"},"modified":"2026-03-11T22:10:18","modified_gmt":"2026-03-11T20:10:18","slug":"roots-radicals-sambal-hot-sauce-194g","status":"publish","type":"product","link":"https:\/\/soosikauppa.fi\/en\/product\/roots-radicals-sambal-hot-sauce-194g\/","title":{"rendered":"Roots Radicals Sambal Hot Sauce 194g"},"content":{"rendered":"<p>Ainesosat: Punainen chili, tomaatti, etikka, salottisipuli, valkosipuli, oliivi\u00f6ljy, ruokosokeri, inkiv\u00e4\u00e4ri, sitruunaruoho, kaffirlime, <strong>MACADAMIAP\u00c4HKIN\u00c4<\/strong>, ksantaani.<\/p>\n<p>Ravintosis\u00e4lt\u00f6 100 grammaa kohden<br \/>\nEnergiaa: 268 kJ \/ 64 kcal<br \/>\nRasvaa: 3 g<br \/>\n\u2013 josta tyydyttyneit\u00e4: 3 g<br \/>\nHiilihydraatteja: 6 g<br \/>\n\u2013 josta sokeria: 3,9 g<br \/>\nProteiinia: 1 g<br \/>\nSuolaa: 0,2 g<\/p>\n","protected":false},"excerpt":{"rendered":"<p>Roots Radicals Sambal Hot Sauce is a tribute to Indonesian cuisine \u2014 a place where sambal is as everyday as salt and lemon. The recipe was born during a journey to Indonesia, where the preparation techniques and the balance of spices were learned directly from locals. The flavors, memories, and inspiration from that trip came together to create this authentic interpretation of sambal.  <\/p>\n<p>The sauce is made by slowly fermenting red chilies for over a month. It\u2019s built on a base of roasted tomato, together with the depth and aroma of macadamia nuts, lemongrass, ginger, and kaffir lime. The result is a multi-layered and intense sambal that is simultaneously spicy, fresh, and rich in umami.  <\/p>\n<p>Use sambal naturally with Indonesian dishes, in curries, soups, stir-fries, marinades, or in anything that needs heat and an aromatic kick.<\/p>\n<p>Roots Radicals operates on a zero-waste principle, and 55% of the ingredients in this Sambal Hot Sauce are rescued and upcycled.<\/p>\n<p>Origin: Berlin \/ Germany<\/p>\n<p>Content: 194 g<\/p>\n","protected":false},"featured_media":987528798,"comment_status":"open","ping_status":"closed","template":"","meta":{"_seopress_robots_primary_cat":"none","_seopress_titles_title":"","_seopress_titles_desc":"","_seopress_robots_index":""},"product_brand":[1050],"product_cat":[503,59,287],"product_tag":[334,274,1051,344],"class_list":{"0":"post-987528801","1":"product","2":"type-product","3":"status-publish","4":"has-post-thumbnail","6":"product_brand-roots-radicals","7":"product_cat-artesaanikastikkeet","8":"product_cat-chilisoosit","9":"product_cat-alelaari","10":"product_tag-fermentoitu","11":"product_tag-gluteeniton","12":"product_tag-sambal","13":"product_tag-vegaaninen","14":"pa_chililajike-punainen-chili","15":"pa_tulisuus-2-5-keskitulinen","17":"first","18":"instock","19":"sale","20":"taxable","21":"shipping-taxable","22":"purchasable","23":"product-type-simple"},"_links":{"self":[{"href":"https:\/\/soosikauppa.fi\/en\/wp-json\/wp\/v2\/product\/987528801","targetHints":{"allow":["GET"]}}],"collection":[{"href":"https:\/\/soosikauppa.fi\/en\/wp-json\/wp\/v2\/product"}],"about":[{"href":"https:\/\/soosikauppa.fi\/en\/wp-json\/wp\/v2\/types\/product"}],"replies":[{"embeddable":true,"href":"https:\/\/soosikauppa.fi\/en\/wp-json\/wp\/v2\/comments?post=987528801"}],"wp:featuredmedia":[{"embeddable":true,"href":"https:\/\/soosikauppa.fi\/en\/wp-json\/wp\/v2\/media\/987528798"}],"wp:attachment":[{"href":"https:\/\/soosikauppa.fi\/en\/wp-json\/wp\/v2\/media?parent=987528801"}],"wp:term":[{"taxonomy":"product_brand","embeddable":true,"href":"https:\/\/soosikauppa.fi\/en\/wp-json\/wp\/v2\/product_brand?post=987528801"},{"taxonomy":"product_cat","embeddable":true,"href":"https:\/\/soosikauppa.fi\/en\/wp-json\/wp\/v2\/product_cat?post=987528801"},{"taxonomy":"product_tag","embeddable":true,"href":"https:\/\/soosikauppa.fi\/en\/wp-json\/wp\/v2\/product_tag?post=987528801"}],"curies":[{"name":"wp","href":"https:\/\/api.w.org\/{rel}","templated":true}]}}