{"id":987527090,"date":"2025-11-17T18:37:03","date_gmt":"2025-11-17T16:37:03","guid":{"rendered":"https:\/\/soosikauppa.fi\/?post_type=product&#038;p=987527090"},"modified":"2026-03-15T15:32:21","modified_gmt":"2026-03-15T13:32:21","slug":"sochili-jalapeno-garlic-hot-sauce-100ml","status":"publish","type":"product","link":"https:\/\/soosikauppa.fi\/en\/product\/sochili-jalapeno-garlic-hot-sauce-100ml\/","title":{"rendered":"Sochili Jalapeno &amp; Garlic Hot Sauce 100ml"},"content":{"rendered":"<p>Ainesosat: ekstra-neitsytoliivi\u00f6ljy*, Jalape\u00f1o-chili* (30 %), haudutettu sipuli (sipuli*, oliivi\u00f6ljy*, suola), omenaviinietikka*, sitruunamehu*, suola, valkosipuli*. (*luomutuotantoa)<\/p>\n<p>Ravintosis\u00e4lt\u00f6 per 100g<br \/>\nEnergiaa\/Energi 1768 kJ \/ 423 kcal<br \/>\nRasvaa\/Fett 45,1 g<br \/>\n(Joista tyydyttyneit\u00e4\/Varav m\u00e4ttat) 3,2 g<br \/>\nHiilihydraatteja\/Kolhydrat 3,5 g<br \/>\n-josta sokeria\/varav socker 2,2 g<br \/>\nProteiinia\/Protein 0,6 g<br \/>\nSuola\/Salt 1,7 g<\/p>\n<p><strong data-start=\"1496\" data-end=\"1509\">S\u00e4ilytys:<\/strong> s\u00e4ilyt\u00e4 avattuna j\u00e4\u00e4kaapissa ja k\u00e4yt\u00e4 90 p\u00e4iv\u00e4n sis\u00e4ll\u00e4.<\/p>\n","protected":false},"excerpt":{"rendered":"<p>Sochili Jalapeno &amp; Garlic is a fresh and aromatic sauce that brings the gentle heat of Jalape\u00f1o, the softness of garlic, and the rich texture of high-quality olive oil to your food. The flavor is reminiscent of a nuanced, lightly spicy olive oil, perfect for both everyday meals and finishing touches. <\/p>\n<p>This sauce works wonderfully on pizza, salads, dips, as a nacho sauce, in marinades, and as a finishing touch for pasta. The green freshness of Jalape\u00f1o and the garlic together create a multi-layered yet approachable flavor that can be used generously without overpowering the dish. <\/p>\n<p>Sochili products are made from 100% natural, vegan, and organic ingredients, without industrial sugar or additives. The chili is sourced from Senegal, and every bottle supports local farmers \u2013 by purchasing this sauce, you help provide one day of electricity for Sochili&#8217;s partner facilities. <\/p>\n<p>Origin: Germany<\/p>\n<p>Contents: 100 ml<\/p>\n","protected":false},"featured_media":987527096,"comment_status":"open","ping_status":"closed","template":"","meta":{"_seopress_robots_primary_cat":"none","_seopress_titles_title":"","_seopress_titles_desc":"","_seopress_robots_index":""},"product_brand":[1009],"product_cat":[503,59],"product_tag":[183],"class_list":{"0":"post-987527090","1":"product","2":"type-product","3":"status-publish","4":"has-post-thumbnail","6":"product_brand-sochili","7":"product_cat-artesaanikastikkeet","8":"product_cat-chilisoosit","9":"product_tag-valkosipuli","10":"pa_chililajike-jalapeno","11":"pa_tulisuus-1-5-mieto","13":"first","14":"outofstock","15":"taxable","16":"shipping-taxable","17":"purchasable","18":"product-type-simple"},"_links":{"self":[{"href":"https:\/\/soosikauppa.fi\/en\/wp-json\/wp\/v2\/product\/987527090","targetHints":{"allow":["GET"]}}],"collection":[{"href":"https:\/\/soosikauppa.fi\/en\/wp-json\/wp\/v2\/product"}],"about":[{"href":"https:\/\/soosikauppa.fi\/en\/wp-json\/wp\/v2\/types\/product"}],"replies":[{"embeddable":true,"href":"https:\/\/soosikauppa.fi\/en\/wp-json\/wp\/v2\/comments?post=987527090"}],"wp:featuredmedia":[{"embeddable":true,"href":"https:\/\/soosikauppa.fi\/en\/wp-json\/wp\/v2\/media\/987527096"}],"wp:attachment":[{"href":"https:\/\/soosikauppa.fi\/en\/wp-json\/wp\/v2\/media?parent=987527090"}],"wp:term":[{"taxonomy":"product_brand","embeddable":true,"href":"https:\/\/soosikauppa.fi\/en\/wp-json\/wp\/v2\/product_brand?post=987527090"},{"taxonomy":"product_cat","embeddable":true,"href":"https:\/\/soosikauppa.fi\/en\/wp-json\/wp\/v2\/product_cat?post=987527090"},{"taxonomy":"product_tag","embeddable":true,"href":"https:\/\/soosikauppa.fi\/en\/wp-json\/wp\/v2\/product_tag?post=987527090"}],"curies":[{"name":"wp","href":"https:\/\/api.w.org\/{rel}","templated":true}]}}