{"id":987526301,"date":"2025-10-28T20:00:11","date_gmt":"2025-10-28T18:00:11","guid":{"rendered":"https:\/\/soosikauppa.fi\/?post_type=product&#038;p=987526301"},"modified":"2026-01-13T11:42:44","modified_gmt":"2026-01-13T09:42:44","slug":"don-cabron-salsa-macha-de-dos-chiles-chili-oil-150ml","status":"publish","type":"product","link":"https:\/\/soosikauppa.fi\/en\/product\/don-cabron-salsa-macha-de-dos-chiles-chili-oil-150ml\/","title":{"rendered":"Don Cabron Macha de Dos Chiles Chili Oil 150ml"},"content":{"rendered":"\n<p>Ingredients: Dried chili, sunflower oil, <strong>PEANUTS<\/strong>, pumpkin seeds, sesame seeds, garlic, salt.<\/p>\n\n<p>Nutritional Information per 100 grams:<br\/>Energy: 3359 kJ \/ 814 kcal<br\/>Fat: 80 g<br\/>\u2013 of which saturates: 9.7 g<br\/>Carbohydrates: 16 g<br\/>\u2013 of which sugars: 5 g<br\/>Protein: 12.2 g<br\/>Salt: 0.9 g<\/p>\n\n<p>Store below +6 \u00b0C after opening.<\/p>\n","protected":false},"excerpt":{"rendered":"<p data-start=\"81\" data-end=\"489\">Macha de Dos Chiles Salsa is a rich and bold sauce that combines Mexican dried chilies, roasted peanuts, sesame seeds, and pumpkin seeds. Slowly maturing in sunflower oil, it develops a deep, roasted, and complex flavor that only gets better over time. <\/p>\n<p data-start=\"81\" data-end=\"489\">This classic Mexican chili oil is perfect for everything \u2013 from tacos and enchiladas to grilled dishes, pizza, Asian cuisine, fish, and even soups. Just a small spoonful is enough to give your food a bold, aromatic kick. <\/p>\n<p data-start=\"81\" data-end=\"489\">Extremely spicy, yet balanced and roasted-nutty.<\/p>\n<p data-start=\"81\" data-end=\"489\">Origin: Netherlands<\/p>\n<p>Contents: 150 ml<\/p>\n","protected":false},"featured_media":987526303,"comment_status":"open","ping_status":"closed","template":"","meta":{"_seopress_robots_primary_cat":"none","_seopress_titles_title":"","_seopress_titles_desc":"Salsa Macha Chili Oil on paahteinen ja tulinen kastike chileill\u00e4 ja p\u00e4hkin\u00f6ill\u00e4. Sopii tacoihin, grilliruokiin, pizzaan, kalaan ja keittoihin.","_seopress_robots_index":""},"product_brand":[984],"product_cat":[503,59,501,265],"product_tag":[592],"class_list":{"0":"post-987526301","1":"product","2":"type-product","3":"status-publish","4":"has-post-thumbnail","6":"product_brand-don-cabron","7":"product_cat-artesaanikastikkeet","8":"product_cat-chilisoosit","9":"product_cat-mausteet","10":"product_cat-texmex","11":"product_tag-chilioljy","12":"pa_tulisuus-4-5-tulinen","14":"first","15":"outofstock","16":"taxable","17":"shipping-taxable","18":"purchasable","19":"product-type-simple"},"_links":{"self":[{"href":"https:\/\/soosikauppa.fi\/en\/wp-json\/wp\/v2\/product\/987526301","targetHints":{"allow":["GET"]}}],"collection":[{"href":"https:\/\/soosikauppa.fi\/en\/wp-json\/wp\/v2\/product"}],"about":[{"href":"https:\/\/soosikauppa.fi\/en\/wp-json\/wp\/v2\/types\/product"}],"replies":[{"embeddable":true,"href":"https:\/\/soosikauppa.fi\/en\/wp-json\/wp\/v2\/comments?post=987526301"}],"wp:featuredmedia":[{"embeddable":true,"href":"https:\/\/soosikauppa.fi\/en\/wp-json\/wp\/v2\/media\/987526303"}],"wp:attachment":[{"href":"https:\/\/soosikauppa.fi\/en\/wp-json\/wp\/v2\/media?parent=987526301"}],"wp:term":[{"taxonomy":"product_brand","embeddable":true,"href":"https:\/\/soosikauppa.fi\/en\/wp-json\/wp\/v2\/product_brand?post=987526301"},{"taxonomy":"product_cat","embeddable":true,"href":"https:\/\/soosikauppa.fi\/en\/wp-json\/wp\/v2\/product_cat?post=987526301"},{"taxonomy":"product_tag","embeddable":true,"href":"https:\/\/soosikauppa.fi\/en\/wp-json\/wp\/v2\/product_tag?post=987526301"}],"curies":[{"name":"wp","href":"https:\/\/api.w.org\/{rel}","templated":true}]}}