{"id":987526280,"date":"2020-04-05T20:59:45","date_gmt":"2020-04-05T17:59:45","guid":{"rendered":"https:\/\/soosikauppa.fi\/tuote\/da-bomb-beyond-insanity-hot-sauce-113g\/"},"modified":"2026-04-06T15:37:23","modified_gmt":"2026-04-06T12:37:23","slug":"da-bomb-beyond-insanity-hot-sauce-113g","status":"publish","type":"product","link":"https:\/\/soosikauppa.fi\/en\/product\/da-bomb-beyond-insanity-hot-sauce-113g\/","title":{"rendered":"Da Bomb Beyond Insanity Hot Sauce 113g"},"content":{"rendered":"<p>Ingredients: Habanero chili, Chipotle chili, orange juice concentrate, natural pepper flavor, tomato paste, potassium sorbate (E202), and sodium benzoate (E211).<\/p>\n<p>Nutritional values per 100 g:<br \/>\nEnergy: 431.6 kJ \/ 103.15 kcal<br \/>\nFat: 10.34 g<br \/>\n\u2013 of which saturated: 2.07 g<br \/>\nCarbohydrates: 13.99 g<br \/>\n\u2013 of which sugars: 9.8 g<br \/>\nProtein: 1.44 g<br \/>\nSalt: 3.65 g<\/p>\n<p>\ud83d\udd25 Tulikaste \ud83d\udd25 \u2013 Samu Haber shares the most incredible moments from Sunrise Avenue!<\/p>\n<p>Seventh Wing: (Chicken FANS?? Germans singing in Finnish??)<\/p>\n<div class=\"video-container\"><iframe title=\"\ud83d\udd25Tulikaste\ud83d\udd25 - Samu Haber kertoo Sunrise Avenuen uskomattomammista hetkist\u00e4!!\" width=\"1170\" height=\"658\" src=\"https:\/\/www.youtube.com\/embed\/ZxonDUmZsGs?start=2307&#038;feature=oembed\" frameborder=\"0\" allow=\"accelerometer; autoplay; clipboard-write; encrypted-media; gyroscope; picture-in-picture; web-share\" referrerpolicy=\"strict-origin-when-cross-origin\" allowfullscreen><\/iframe><\/div>\n<p>\ud83d\udd25Tulikaste\ud83d\udd25 \u2013 Aku Hirviniemi and Jaajo navigate through awkward acting situations.<\/p>\n<p>Wing 7 (Travel Stories):<\/p>\n<div class=\"video-container\"><iframe title=\"\ud83d\udd25Tulikaste\ud83d\udd25 - Aku Hirviniemi ja Jaajo k\u00e4y l\u00e4pi n\u00e4yttelemisen kiusallisia tilanteita\" width=\"1170\" height=\"658\" src=\"https:\/\/www.youtube.com\/embed\/6YGvuLFloxQ?start=2675&#038;feature=oembed\" frameborder=\"0\" allow=\"accelerometer; autoplay; clipboard-write; encrypted-media; gyroscope; picture-in-picture; web-share\" referrerpolicy=\"strict-origin-when-cross-origin\" allowfullscreen><\/iframe><\/div>\n<div class=\"video-container\"><iframe title=\"LypsyTube Goes HOT ONES!! Janni Hussi kertoo el\u00e4m\u00e4st\u00e4\u00e4n maailman tulisimpien siipien \u00e4\u00e4rell\u00e4 \ud83d\udd25\" width=\"1170\" height=\"658\" src=\"https:\/\/www.youtube.com\/embed\/GO9BvC4PXJ8?feature=oembed\" frameborder=\"0\" allow=\"accelerometer; autoplay; clipboard-write; encrypted-media; gyroscope; picture-in-picture; web-share\" referrerpolicy=\"strict-origin-when-cross-origin\" allowfullscreen><\/iframe><\/div>\n<div class=\"video-container\"><iframe title=\"MAKUTESTI - DA&#039; BOMB: BEYOND INSANITY CHILIKASTIKE\" width=\"1170\" height=\"658\" src=\"https:\/\/www.youtube.com\/embed\/IRebeZczD8o?feature=oembed\" frameborder=\"0\" allow=\"accelerometer; autoplay; clipboard-write; encrypted-media; gyroscope; picture-in-picture; web-share\" referrerpolicy=\"strict-origin-when-cross-origin\" allowfullscreen><\/iframe><\/div>\n","protected":false},"excerpt":{"rendered":"<p>Extremely Hot and Infamously Spicy Hot Sauce<\/p>\n<p>Are you ready to face the king of hot sauces? Da Bomb Beyond Insanity Hot Sauce is famous for its extreme heat and iconic status in the world of hot sauces. Originating from Kansas, USA, this fiery blend packs a staggering 135,600 Scoville heat units, powered by Habanero and Chipotle peppers \u2014 delivering a burning experience you\u2019ll never forget.  <\/p>\n<p>Why is Da Bomb Beyond Insanity legendary?<\/p>\n<p>Explosive heat: an unprecedented, intense burn.<\/p>\n<p>Unique flavor: A smoky and straightforward taste profile without unnecessary frills \u2014 this sauce is made for true heat lovers.<\/p>\n<p>Star of Hot Ones: Featured in the popular <a href=\"https:\/\/firstwefeast.com\/\" target=\"_blank\" rel=\"noopener\">Hot Ones series<\/a> \u2014 the infamous and feared wing sauce number eight.<\/p>\n<p>Don\u2019t just take our word for it \u2014 watch the reviews and see the reactions for yourself! Check out the review on <a href=\"https:\/\/peppergeek.com\/da-bomb-hot-sauce-review\/\" target=\"_blank\" rel=\"noopener\">PepperGeek<\/a> and find more insights on <a href=\"https:\/\/pepperscale.com\/da-bomb-beyond-insanity-hot-sauce\/\" target=\"_blank\" rel=\"noopener\">PepperScale<\/a>! <\/p>\n<p>Contents: 113 g<\/p>\n<p>Origin: Kansas, USA<\/p>\n<p>Order Da Bomb Beyond Insanity Hot Sauce and push your taste buds to the limit! This sauce isn\u2019t for the faint of heart \u2014 are you ready for the blast? \ud83d\udca5\ud83d\udca3\ud83d\udd25 <\/p>\n","protected":false},"featured_media":987522606,"comment_status":"open","ping_status":"closed","template":"","meta":{"_seopress_robots_primary_cat":"none","_seopress_titles_title":"","_seopress_titles_desc":"","_seopress_robots_index":""},"product_brand":[1086],"product_cat":[736,735,746],"product_tag":[764,860,859,757],"class_list":{"0":"post-987526280","1":"product","2":"type-product","3":"status-publish","4":"has-post-thumbnail","6":"product_brand-spicin-foods","7":"product_cat-hot-ones-en","8":"product_cat-hot-sauces","9":"product_cat-recommendations","10":"product_tag-hot-ones","11":"product_tag-jaajos-hot-seat","12":"product_tag-lypsytube","13":"product_tag-smoky","14":"pa_chililajike-chipotle","15":"pa_chililajike-habanero","16":"pa_tulisuus-4-5-spicy","18":"first","19":"instock","20":"taxable","21":"shipping-taxable","22":"purchasable","23":"product-type-simple"},"_links":{"self":[{"href":"https:\/\/soosikauppa.fi\/en\/wp-json\/wp\/v2\/product\/987526280","targetHints":{"allow":["GET"]}}],"collection":[{"href":"https:\/\/soosikauppa.fi\/en\/wp-json\/wp\/v2\/product"}],"about":[{"href":"https:\/\/soosikauppa.fi\/en\/wp-json\/wp\/v2\/types\/product"}],"replies":[{"embeddable":true,"href":"https:\/\/soosikauppa.fi\/en\/wp-json\/wp\/v2\/comments?post=987526280"}],"wp:featuredmedia":[{"embeddable":true,"href":"https:\/\/soosikauppa.fi\/en\/wp-json\/wp\/v2\/media\/987522606"}],"wp:attachment":[{"href":"https:\/\/soosikauppa.fi\/en\/wp-json\/wp\/v2\/media?parent=987526280"}],"wp:term":[{"taxonomy":"product_brand","embeddable":true,"href":"https:\/\/soosikauppa.fi\/en\/wp-json\/wp\/v2\/product_brand?post=987526280"},{"taxonomy":"product_cat","embeddable":true,"href":"https:\/\/soosikauppa.fi\/en\/wp-json\/wp\/v2\/product_cat?post=987526280"},{"taxonomy":"product_tag","embeddable":true,"href":"https:\/\/soosikauppa.fi\/en\/wp-json\/wp\/v2\/product_tag?post=987526280"}],"curies":[{"name":"wp","href":"https:\/\/api.w.org\/{rel}","templated":true}]}}