{"id":987526247,"date":"2020-10-06T20:40:33","date_gmt":"2020-10-06T17:40:33","guid":{"rendered":"https:\/\/soosikauppa.fi\/tuote\/raijmakers-heetmakers-brain-buzzer-carolina-reaper-ginger-150ml\/"},"modified":"2026-01-21T13:20:25","modified_gmt":"2026-01-21T11:20:25","slug":"raijmakers-heetmakers-brain-buzzer-carolina-reaper-ginger-150ml","status":"publish","type":"product","link":"https:\/\/soosikauppa.fi\/en\/product\/raijmakers-heetmakers-brain-buzzer-carolina-reaper-ginger-150ml\/","title":{"rendered":"Raijmakers Heetmakers Brain Buzzer Carolina Reaper &amp; Ginger 150ml"},"content":{"rendered":"<p>Ingredients: Tomato, rice vinegar, onion, Carolina Reaper chili, brown sugar (sugar, invert sugar syrup, coloring E150d), garlic, salt, water, ginger, <strong>soybeans<\/strong>, wheat, <strong>vinegar<\/strong>, smoked paprika powder, herbs and spices, citrus fiber.<\/p>\n<p><strong>Allergens: Soybeans and wheat.<\/strong><\/p>\n<p>Nutritional values per 100 g:<br \/>\nEnergy: 222 kJ \/ 52 kcal<br \/>\nFat: 0.1 g<br \/>\n\u2013 of which saturated: 0.1 g<br \/>\nCarbohydrates: 12 g<br \/>\n\u2013 of which sugars: 9.7 g<br \/>\nProtein: 1.3 g<br \/>\nSalt: 3.6 g<\/p>\n<p>\ud83d\udd25Tulikaste\ud83d\udd25 \u2013 Aku Hirviniemi and Jaajo navigate through awkward acting situations.<\/p>\n<p>Wing 6 (The Story of Samppalinna):<\/p>\n<div class=\"video-container\"><iframe title=\"\ud83d\udd25Tulikaste\ud83d\udd25 - Aku Hirviniemi ja Jaajo k\u00e4y l\u00e4pi n\u00e4yttelemisen kiusallisia tilanteita\" width=\"1170\" height=\"658\" src=\"https:\/\/www.youtube.com\/embed\/6YGvuLFloxQ?start=2297&#038;feature=oembed\" frameborder=\"0\" allow=\"accelerometer; autoplay; clipboard-write; encrypted-media; gyroscope; picture-in-picture; web-share\" referrerpolicy=\"strict-origin-when-cross-origin\" allowfullscreen><\/iframe><\/div>\n<div class=\"video-container\"><iframe title=\"MAKUTESTI - RAIJMAKERS HEETMAKERS: BRAIN BUZZER CHILIKASTIKE\" width=\"1170\" height=\"658\" src=\"https:\/\/www.youtube.com\/embed\/CzZIvwjkyn8?feature=oembed\" frameborder=\"0\" allow=\"accelerometer; autoplay; clipboard-write; encrypted-media; gyroscope; picture-in-picture; web-share\" referrerpolicy=\"strict-origin-when-cross-origin\" allowfullscreen><\/iframe><\/div>\n","protected":false},"excerpt":{"rendered":"<p>The hottest sauce in the Raijmakers Heetmakers lineup is Brain Buzzer. Made with Carolina Reaper chili, it delivers heat that takes you to higher realms. Featuring a rich tomato base and just the right touch of ginger for extra depth, it\u2019s an excellent addition to rice and noodle dishes. That little \u201cbuzz\u201d in your brain? Perfectly normal.    <\/p>\n<p>Origin: Netherlands<\/p>\n<p>Contents: 150 ml<\/p>\n","protected":false},"featured_media":987522616,"comment_status":"open","ping_status":"closed","template":"","meta":{"_seopress_robots_primary_cat":"none","_seopress_titles_title":"","_seopress_titles_desc":"","_seopress_robots_index":""},"product_brand":[685],"product_cat":[503,59],"product_tag":[179,342,341],"class_list":{"0":"post-987526247","1":"product","2":"type-product","3":"status-publish","4":"has-post-thumbnail","6":"product_brand-raijmakers-heetmakers","7":"product_cat-artesaanikastikkeet","8":"product_cat-chilisoosit","9":"product_tag-inkivaari","10":"product_tag-jaajon-tulikaste","11":"product_tag-lypsytube","12":"pa_chililajike-carolina-reaper","13":"pa_tulisuus-4-5-tulinen","15":"first","16":"outofstock","17":"taxable","18":"shipping-taxable","19":"purchasable","20":"product-type-simple"},"_links":{"self":[{"href":"https:\/\/soosikauppa.fi\/en\/wp-json\/wp\/v2\/product\/987526247","targetHints":{"allow":["GET"]}}],"collection":[{"href":"https:\/\/soosikauppa.fi\/en\/wp-json\/wp\/v2\/product"}],"about":[{"href":"https:\/\/soosikauppa.fi\/en\/wp-json\/wp\/v2\/types\/product"}],"replies":[{"embeddable":true,"href":"https:\/\/soosikauppa.fi\/en\/wp-json\/wp\/v2\/comments?post=987526247"}],"wp:featuredmedia":[{"embeddable":true,"href":"https:\/\/soosikauppa.fi\/en\/wp-json\/wp\/v2\/media\/987522616"}],"wp:attachment":[{"href":"https:\/\/soosikauppa.fi\/en\/wp-json\/wp\/v2\/media?parent=987526247"}],"wp:term":[{"taxonomy":"product_brand","embeddable":true,"href":"https:\/\/soosikauppa.fi\/en\/wp-json\/wp\/v2\/product_brand?post=987526247"},{"taxonomy":"product_cat","embeddable":true,"href":"https:\/\/soosikauppa.fi\/en\/wp-json\/wp\/v2\/product_cat?post=987526247"},{"taxonomy":"product_tag","embeddable":true,"href":"https:\/\/soosikauppa.fi\/en\/wp-json\/wp\/v2\/product_tag?post=987526247"}],"curies":[{"name":"wp","href":"https:\/\/api.w.org\/{rel}","templated":true}]}}