{"id":987526104,"date":"2025-10-26T13:50:25","date_gmt":"2025-10-26T11:50:25","guid":{"rendered":"https:\/\/soosikauppa.fi\/?post_type=product&#038;p=987526104"},"modified":"2026-01-08T13:11:20","modified_gmt":"2026-01-08T11:11:20","slug":"olfs-hot-spize-chocolate-brown-hot-sauce-100ml","status":"publish","type":"product","link":"https:\/\/soosikauppa.fi\/en\/product\/olfs-hot-spize-chocolate-brown-hot-sauce-100ml\/","title":{"rendered":"Olfs Hot Spize Chocolate Brown Hot Sauce 100ml"},"content":{"rendered":"\n<p>Ingredients: White grapes, orange juice, agave syrup, apple cider vinegar, low-fat cocoa (8%), Carolina Reaper chili (4%), espresso beans, olive oil, lemon juice, cinnamon stick, sea salt, spices.<\/p>\n\n<p>Nutritional values per 100 g<br\/>Energy: 565 kJ \/ 135 kcal<br\/>Fat: 2.8 g<br\/>\u2013 of which saturated: 0.9 g<br\/>Carbohydrates: 21 g<br\/>\u2013 of which sugars: 6.9 g<br\/>Protein: 3.2 g<br\/>Salt: 1.6 g<\/p>\n\n<p>Store below +6 \u00b0C after opening.<\/p>\n\n<p><\/p>\n","protected":false},"excerpt":{"rendered":"<p data-start=\"81\" data-end=\"489\">Chocolate Brown is a bold and unique fusion where organic cocoa, sweet grapes, and Carolina Reaper chilies (5%) create an intense balance between sweetness, roasted depth, and extreme heat. This sauce is made for those who dare to explore new flavours \u2014 or simply love the thrill of the extreme. <\/p>\n<p data-start=\"81\" data-end=\"489\">The heat, at 60,000\u201370,000 Scoville units, hits hard yet is backed by a rich, full-bodied flavour with notes of espresso bean, orange, and cinnamon. The result is deep, warm, and unforgettable. <\/p>\n<p data-start=\"81\" data-end=\"489\">Perfect for tacos, burritos, chili con carne, goulash, kebabs, stews, and pizza \u2014 or surprisingly, even with cheesecake and vanilla ice cream.<\/p>\n<p data-start=\"84\" data-end=\"389\"><strong>Origin:<\/strong> Germany<\/p>\n<p><strong>Contents:<\/strong> 100 ml<\/p>\n","protected":false},"featured_media":987526106,"comment_status":"open","ping_status":"closed","template":"","meta":{"_seopress_robots_primary_cat":"none","_seopress_titles_title":"","_seopress_titles_desc":"Chocolate Brown yhdist\u00e4\u00e4 kaakaon, viiniryp\u00e4leet ja Carolina Reaperin. Tulinen ja t\u00e4ytel\u00e4inen kastike tacoihin, pataruokiin, pizzaan ja jopa j\u00e4\u00e4tel\u00f6n kanssa.","_seopress_robots_index":""},"product_brand":[962],"product_cat":[503,59],"product_tag":[965,966],"class_list":{"0":"post-987526104","1":"product","2":"type-product","3":"status-publish","4":"has-post-thumbnail","6":"product_brand-olfs-hot-spize","7":"product_cat-artesaanikastikkeet","8":"product_cat-chilisoosit","9":"product_tag-kaakao","10":"product_tag-viinirypale","11":"pa_chililajike-carolina-reaper","12":"pa_tulisuus-5-5-erittain-tulinen","14":"first","15":"outofstock","16":"taxable","17":"shipping-taxable","18":"purchasable","19":"product-type-simple"},"_links":{"self":[{"href":"https:\/\/soosikauppa.fi\/en\/wp-json\/wp\/v2\/product\/987526104","targetHints":{"allow":["GET"]}}],"collection":[{"href":"https:\/\/soosikauppa.fi\/en\/wp-json\/wp\/v2\/product"}],"about":[{"href":"https:\/\/soosikauppa.fi\/en\/wp-json\/wp\/v2\/types\/product"}],"replies":[{"embeddable":true,"href":"https:\/\/soosikauppa.fi\/en\/wp-json\/wp\/v2\/comments?post=987526104"}],"wp:featuredmedia":[{"embeddable":true,"href":"https:\/\/soosikauppa.fi\/en\/wp-json\/wp\/v2\/media\/987526106"}],"wp:attachment":[{"href":"https:\/\/soosikauppa.fi\/en\/wp-json\/wp\/v2\/media?parent=987526104"}],"wp:term":[{"taxonomy":"product_brand","embeddable":true,"href":"https:\/\/soosikauppa.fi\/en\/wp-json\/wp\/v2\/product_brand?post=987526104"},{"taxonomy":"product_cat","embeddable":true,"href":"https:\/\/soosikauppa.fi\/en\/wp-json\/wp\/v2\/product_cat?post=987526104"},{"taxonomy":"product_tag","embeddable":true,"href":"https:\/\/soosikauppa.fi\/en\/wp-json\/wp\/v2\/product_tag?post=987526104"}],"curies":[{"name":"wp","href":"https:\/\/api.w.org\/{rel}","templated":true}]}}