{"id":987526100,"date":"2025-10-26T13:38:12","date_gmt":"2025-10-26T11:38:12","guid":{"rendered":"https:\/\/soosikauppa.fi\/?post_type=product&#038;p=987526100"},"modified":"2026-01-29T13:29:33","modified_gmt":"2026-01-29T11:29:33","slug":"olfs-hot-spize-oriental-orange-hot-sauce-100ml","status":"publish","type":"product","link":"https:\/\/soosikauppa.fi\/en\/product\/olfs-hot-spize-oriental-orange-hot-sauce-100ml\/","title":{"rendered":"Olfs Hot Spize Oriental Orange Hot Sauce 100ml"},"content":{"rendered":"\n<p>Ingredients: Carrot, agave syrup, apple cider vinegar, onion, orange juice, paprika, apple, chilies (Bhut Jolokia (Ghost Pepper), Rawit) 4%, ginger, carrot juice, potato, garlic, lemon juice, turmeric, peppermint, sea salt, spices.<\/p>\n\n<p>Nutritional values per 100 g<br\/>Energy: 338 kJ \/ 81 kcal<br\/>Fat: 0.4 g<br\/>\u2013 of which saturated: 0.1 g<br\/>Carbohydrates: 19 g<br\/>\u2013 of which sugars: 4.5 g<br\/>Protein: 1 g<br\/>Salt: 1.7 g<\/p>\n\n<p>Store below +6 \u00b0C after opening.<\/p>\n\n<p><\/p>\n","protected":false},"excerpt":{"rendered":"<p data-start=\"81\" data-end=\"489\">Oriental Orange delivers an exotic blend of freshness, spice, and intense warmth. The base of carrot, orange, ginger, and turmeric creates a bright, aromatic flavour, while in the background, the Ghost Pepper brings a lasting and powerful heat of around 40,000\u201350,000 Scoville units \u2014 rising gradually and lingering with a pleasant warmth.  <\/p>\n<p data-start=\"81\" data-end=\"489\">This multi-layered sauce pairs perfectly with lamb, chicken, falafel, pumpkin soups, ramen, curries, and rice dishes \u2013 adding both fresh brightness and deep, warming heat to your meal.<\/p>\n<p data-start=\"84\" data-end=\"389\"><strong>Origin:<\/strong> Germany<\/p>\n<p><strong>Contents:<\/strong> 100 ml<\/p>\n","protected":false},"featured_media":987526102,"comment_status":"open","ping_status":"closed","template":"","meta":{"_seopress_robots_primary_cat":"none","_seopress_titles_title":"","_seopress_titles_desc":"Oriental Orange yhdist\u00e4\u00e4 porkkanan, appelsiinin, inkiv\u00e4\u00e4rin ja Ghost Pepperin. Sopii lampaan, kanan, ramenin, curryjen, falafelien ja riisiruokien kanssa.","_seopress_robots_index":""},"product_brand":[962],"product_cat":[503,59],"product_tag":[194,189],"class_list":{"0":"post-987526100","1":"product","2":"type-product","3":"status-publish","4":"has-post-thumbnail","6":"product_brand-olfs-hot-spize","7":"product_cat-artesaanikastikkeet","8":"product_cat-chilisoosit","9":"product_tag-porkkana","10":"product_tag-appelsiini","11":"pa_chililajike-birds-eye-chili","12":"pa_tulisuus-4-5-tulinen","14":"first","15":"outofstock","16":"taxable","17":"shipping-taxable","18":"purchasable","19":"product-type-simple"},"_links":{"self":[{"href":"https:\/\/soosikauppa.fi\/en\/wp-json\/wp\/v2\/product\/987526100","targetHints":{"allow":["GET"]}}],"collection":[{"href":"https:\/\/soosikauppa.fi\/en\/wp-json\/wp\/v2\/product"}],"about":[{"href":"https:\/\/soosikauppa.fi\/en\/wp-json\/wp\/v2\/types\/product"}],"replies":[{"embeddable":true,"href":"https:\/\/soosikauppa.fi\/en\/wp-json\/wp\/v2\/comments?post=987526100"}],"wp:featuredmedia":[{"embeddable":true,"href":"https:\/\/soosikauppa.fi\/en\/wp-json\/wp\/v2\/media\/987526102"}],"wp:attachment":[{"href":"https:\/\/soosikauppa.fi\/en\/wp-json\/wp\/v2\/media?parent=987526100"}],"wp:term":[{"taxonomy":"product_brand","embeddable":true,"href":"https:\/\/soosikauppa.fi\/en\/wp-json\/wp\/v2\/product_brand?post=987526100"},{"taxonomy":"product_cat","embeddable":true,"href":"https:\/\/soosikauppa.fi\/en\/wp-json\/wp\/v2\/product_cat?post=987526100"},{"taxonomy":"product_tag","embeddable":true,"href":"https:\/\/soosikauppa.fi\/en\/wp-json\/wp\/v2\/product_tag?post=987526100"}],"curies":[{"name":"wp","href":"https:\/\/api.w.org\/{rel}","templated":true}]}}