{"id":987526082,"date":"2025-10-26T11:04:59","date_gmt":"2025-10-26T09:04:59","guid":{"rendered":"https:\/\/soosikauppa.fi\/?post_type=product&#038;p=987526082"},"modified":"2026-03-11T22:10:18","modified_gmt":"2026-03-11T20:10:18","slug":"olfs-hot-spize-fruity-freen-hot-sauce-100ml","status":"publish","type":"product","link":"https:\/\/soosikauppa.fi\/en\/product\/olfs-hot-spize-fruity-freen-hot-sauce-100ml\/","title":{"rendered":"Olfs Hot Spize Fruity Green Hot Sauce 100ml"},"content":{"rendered":"<p><strong>Ingredients:<\/strong> Green apple, apple cider vinegar, onion, agave syrup, Jalape\u00f1o chili (8%), pear, cucumber, garlic, potato, lime juice, parsley, sea salt, spices.<\/p>\n<p><strong>Nutritional values per 100 g<\/strong><br \/>Energy: 410 kJ \/ 98 kcal<br \/>Fat: 0.4 g<br \/>\u2013 of which saturated: 0.1 g<br \/>Carbohydrates: 22 g<br \/>\u2013 of which sugars: 6.1 g<br \/>Protein: 1 g<br \/>Salt: 1.9 g<\/p>\n<p>Store below +6 \u00b0C after opening.<\/p>\n\n<p><\/p>\n","protected":false},"excerpt":{"rendered":"<p data-start=\"81\" data-end=\"489\">Fruity Green is a mild, refreshingly fruity, and multi-layered sauce that combines the bright tang of green apple, pear, and lime with the gentle heat of Jalape\u00f1o. Agave syrup and cucumber add smoothness and freshness, while parsley and spices bring the whole flavour together into a perfectly balanced, enticing blend. <\/p>\n<p data-start=\"81\" data-end=\"489\">The heat is mild, around 1,000\u20133,000 Scoville units, making this sauce ideal for those who seek more flavour than burn.<\/p>\n<p data-start=\"81\" data-end=\"489\">A perfect addition to fish dishes, salads, sandwiches, cheeses, fruit, pizza, or avocado toast \u2013 anywhere you want a fresh and lightly spicy touch.<\/p>\n<p data-start=\"84\" data-end=\"389\"><strong>Origin:<\/strong> Germany<\/p>\n<p><strong>Contents:<\/strong> 100 ml<\/p>\n","protected":false},"featured_media":987526085,"comment_status":"open","ping_status":"closed","template":"","meta":{"_seopress_robots_primary_cat":"none","_seopress_titles_title":"","_seopress_titles_desc":"Fruity Green yhdist\u00e4\u00e4 vihre\u00e4n omenan, p\u00e4\u00e4ryn\u00e4n ja limen raikkauden jalape\u00f1on mietoon tulisuuteen. Sopii kalaruokiin, salaatteihin, pizzalle ja avokadoleiv\u00e4lle.","_seopress_robots_index":""},"product_brand":[962],"product_cat":[503,59,287],"product_tag":[647],"class_list":{"0":"post-987526082","1":"product","2":"type-product","3":"status-publish","4":"has-post-thumbnail","6":"product_brand-olfs-hot-spize","7":"product_cat-artesaanikastikkeet","8":"product_cat-chilisoosit","9":"product_cat-alelaari","10":"product_tag-hedelmainen","11":"pa_chililajike-jalapeno","12":"pa_tulisuus-1-5-mieto","14":"first","15":"instock","16":"sale","17":"taxable","18":"shipping-taxable","19":"purchasable","20":"product-type-simple"},"_links":{"self":[{"href":"https:\/\/soosikauppa.fi\/en\/wp-json\/wp\/v2\/product\/987526082","targetHints":{"allow":["GET"]}}],"collection":[{"href":"https:\/\/soosikauppa.fi\/en\/wp-json\/wp\/v2\/product"}],"about":[{"href":"https:\/\/soosikauppa.fi\/en\/wp-json\/wp\/v2\/types\/product"}],"replies":[{"embeddable":true,"href":"https:\/\/soosikauppa.fi\/en\/wp-json\/wp\/v2\/comments?post=987526082"}],"wp:featuredmedia":[{"embeddable":true,"href":"https:\/\/soosikauppa.fi\/en\/wp-json\/wp\/v2\/media\/987526085"}],"wp:attachment":[{"href":"https:\/\/soosikauppa.fi\/en\/wp-json\/wp\/v2\/media?parent=987526082"}],"wp:term":[{"taxonomy":"product_brand","embeddable":true,"href":"https:\/\/soosikauppa.fi\/en\/wp-json\/wp\/v2\/product_brand?post=987526082"},{"taxonomy":"product_cat","embeddable":true,"href":"https:\/\/soosikauppa.fi\/en\/wp-json\/wp\/v2\/product_cat?post=987526082"},{"taxonomy":"product_tag","embeddable":true,"href":"https:\/\/soosikauppa.fi\/en\/wp-json\/wp\/v2\/product_tag?post=987526082"}],"curies":[{"name":"wp","href":"https:\/\/api.w.org\/{rel}","templated":true}]}}