{"id":987526048,"date":"2020-08-06T19:50:57","date_gmt":"2020-08-06T16:50:57","guid":{"rendered":"https:\/\/soosikauppa.fi\/tuote\/poppamies-barbados-hot-sauce-150ml\/"},"modified":"2026-03-26T11:25:15","modified_gmt":"2026-03-26T09:25:15","slug":"poppamies-barbados-hot-sauce-150ml","status":"publish","type":"product","link":"https:\/\/soosikauppa.fi\/en\/product\/poppamies-barbados-hot-sauce-150ml\/","title":{"rendered":"Poppamies Barbados Hot Sauce 150ml"},"content":{"rendered":"<p>Ingredients: Water, Habanero, onion, cane vinegar, mustard, honey, salt, thickeners (cornstarch, xanthan gum), garlic, acidity regulator (acetic acid), curry, paprika, turmeric extract, paprika extract.<\/p>\n<p>Nutritional information per 100g:<br \/>\nEnergy: 215 kJ \/ 50 kcal<br \/>\nFat: 1.5 g<br \/>\n\u2013 of which saturated: 0 g<br \/>\nCarbohydrates: 8 g<br \/>\n\u2013 of which sugars: 4 g<br \/>\nProtein: 2 g<br \/>\nSalt: 3.4 g<\/p>\n<p>Gluten-free, lactose-free.<\/p>\n<p>\ud83d\udd25Tulikaste\ud83d\udd25 \u2013 Aku Hirviniemi and Jaajo navigate through awkward acting situations.<\/p>\n<p>Wing #4<\/p>\n<div class=\"video-container\"><iframe title=\"\ud83d\udd25Tulikaste\ud83d\udd25 - Aku Hirviniemi ja Jaajo k\u00e4y l\u00e4pi n\u00e4yttelemisen kiusallisia tilanteita\" width=\"1170\" height=\"658\" src=\"https:\/\/www.youtube.com\/embed\/6YGvuLFloxQ?start=1465&#038;feature=oembed\" frameborder=\"0\" allow=\"accelerometer; autoplay; clipboard-write; encrypted-media; gyroscope; picture-in-picture; web-share\" referrerpolicy=\"strict-origin-when-cross-origin\" allowfullscreen><\/iframe><\/div>\n<div class=\"video-container\"><iframe title=\"MAKUTESTI - POPPAMIES: BARBADOS CHILIKASTIKE\" width=\"1170\" height=\"658\" src=\"https:\/\/www.youtube.com\/embed\/bDQwIfG0YG8?feature=oembed\" frameborder=\"0\" allow=\"accelerometer; autoplay; clipboard-write; encrypted-media; gyroscope; picture-in-picture; web-share\" referrerpolicy=\"strict-origin-when-cross-origin\" allowfullscreen><\/iframe><\/div>\n","protected":false},"excerpt":{"rendered":"<p>The medium-plus heat of Poppamies Barbados Hot Sauce comes from Habanero, but the burn is smooth and doesn\u2019t linger too long. Its flavor is built with garlic, honey, mustard powder, curry, and turmeric \u2014 and despite the honey, it\u2019s not a sweet sauce.  <\/p>\n<p>Great with fish, chicken, and rice dishes, but this sauce works well in all kinds of cooking. Seasoned chili lovers use it as a table sauce too \u2014 beginners can start by adding a little at a time while cooking.  <\/p>\n<p>Try it with: Chicken dishes, pizzas, burgers, soups and sauces, or as a table sauce.<\/p>\n<p>Origin: Costa Rica<\/p>\n<p>Contents: 150 ml<\/p>\n","protected":false},"featured_media":987522751,"comment_status":"open","ping_status":"closed","template":"","meta":{"_seopress_robots_primary_cat":"none","_seopress_titles_title":"","_seopress_titles_desc":"","_seopress_robots_index":""},"product_brand":[681],"product_cat":[59],"product_tag":[202,274,342,341],"class_list":{"0":"post-987526048","1":"product","2":"type-product","3":"status-publish","4":"has-post-thumbnail","6":"product_brand-poppamies","7":"product_cat-chilisoosit","8":"product_tag-barbados","9":"product_tag-gluteeniton","10":"product_tag-jaajon-tulikaste","11":"product_tag-lypsytube","12":"pa_chililajike-habanero","13":"pa_tulisuus-3-5-tulinen","15":"first","16":"instock","17":"taxable","18":"shipping-taxable","19":"purchasable","20":"product-type-simple"},"_links":{"self":[{"href":"https:\/\/soosikauppa.fi\/en\/wp-json\/wp\/v2\/product\/987526048","targetHints":{"allow":["GET"]}}],"collection":[{"href":"https:\/\/soosikauppa.fi\/en\/wp-json\/wp\/v2\/product"}],"about":[{"href":"https:\/\/soosikauppa.fi\/en\/wp-json\/wp\/v2\/types\/product"}],"replies":[{"embeddable":true,"href":"https:\/\/soosikauppa.fi\/en\/wp-json\/wp\/v2\/comments?post=987526048"}],"wp:featuredmedia":[{"embeddable":true,"href":"https:\/\/soosikauppa.fi\/en\/wp-json\/wp\/v2\/media\/987522751"}],"wp:attachment":[{"href":"https:\/\/soosikauppa.fi\/en\/wp-json\/wp\/v2\/media?parent=987526048"}],"wp:term":[{"taxonomy":"product_brand","embeddable":true,"href":"https:\/\/soosikauppa.fi\/en\/wp-json\/wp\/v2\/product_brand?post=987526048"},{"taxonomy":"product_cat","embeddable":true,"href":"https:\/\/soosikauppa.fi\/en\/wp-json\/wp\/v2\/product_cat?post=987526048"},{"taxonomy":"product_tag","embeddable":true,"href":"https:\/\/soosikauppa.fi\/en\/wp-json\/wp\/v2\/product_tag?post=987526048"}],"curies":[{"name":"wp","href":"https:\/\/api.w.org\/{rel}","templated":true}]}}