{"id":987526040,"date":"2020-10-06T19:45:53","date_gmt":"2020-10-06T16:45:53","guid":{"rendered":"https:\/\/soosikauppa.fi\/tuote\/raijmakers-heetmakers-heat-enhancer-hot-sauce-150ml\/"},"modified":"2026-04-03T12:35:05","modified_gmt":"2026-04-03T09:35:05","slug":"raijmakers-heetmakers-heat-enhancer-hot-sauce-150ml","status":"publish","type":"product","link":"https:\/\/soosikauppa.fi\/en\/product\/raijmakers-heetmakers-heat-enhancer-hot-sauce-150ml\/","title":{"rendered":"Raijmakers Heetmakers Heat Enhancer Hot Sauce 150ml"},"content":{"rendered":"<p>Ingredients: Brown sugar (sugar, inverted sugar syrup, coloring E150d), cider vinegar, water, Habanero and Chipotle chili, tomato concentrate, salt, whiskey, plum, smoked paprika powder, onion, vinegar, herbs and spices, tomato paste, <strong>soybean<\/strong> oil, spices, dried chili.<\/p>\n<p><strong>Allergens: Sulphites and soybean oil<\/strong><\/p>\n<p>Nutritional information per 100g:<br \/>\nEnergy: 642 kJ \/ 151 kcal<br \/>\nFat: 0.4 g<br \/>\n\u2013 of which saturated: 0.1 g<br \/>\nCarbohydrates: 35.1 g<br \/>\n\u2013 of which sugars: 33.6 g<br \/>\nProtein: 0.8 g<br \/>\nSalt: 2.1 g<\/p>\n<p>\ud83d\udd25Tulikaste\ud83d\udd25 \u2013 Aku Hirviniemi and Jaajo navigate through awkward acting situations.<\/p>\n<p>Wing #3 (Putous \/ Sketch Characters):<\/p>\n<div class=\"video-container\"><iframe title=\"\ud83d\udd25Tulikaste\ud83d\udd25 - Aku Hirviniemi ja Jaajo k\u00e4y l\u00e4pi n\u00e4yttelemisen kiusallisia tilanteita\" width=\"1170\" height=\"658\" src=\"https:\/\/www.youtube.com\/embed\/6YGvuLFloxQ?start=1153&#038;feature=oembed\" frameborder=\"0\" allow=\"accelerometer; autoplay; clipboard-write; encrypted-media; gyroscope; picture-in-picture; web-share\" referrerpolicy=\"strict-origin-when-cross-origin\" allowfullscreen><\/iframe><\/div>\n","protected":false},"excerpt":{"rendered":"<p>Raijmakers Heetmakers\u2019 Heat Enhancer makes you feel all warm and cozy inside. It\u2019s packed with plenty of fresh Habanero, smoky Chipotle, and a touch of whiskey that adds a smooth, sweet finish. This sauce truly shines with all kinds of meat and BBQ dishes \u2014 think ribs, steaks, and wings. Plus, the beautifully redesigned bottle is a real bonus!   <\/p>\n<p>Winner of the German Chili Awards 2019 \u2013 \u201cBest Hot Sauce\u201d!<\/p>\n<p>Origin: Netherlands<\/p>\n<p>Contents: 150 ml<\/p>\n","protected":false},"featured_media":987522773,"comment_status":"open","ping_status":"closed","template":"","meta":{"_seopress_robots_primary_cat":"none","_seopress_titles_title":"Raijmakers Heetmakers Heat Enhancer Hot Sauce 150ml | Soosikauppa","_seopress_titles_desc":"Twice awarded the title of Best Hot Sauce, Raijmakers\u2019 Chipotle & Whiskey sauce is the perfect match for ribs, steaks, and wings!","_seopress_robots_index":""},"product_brand":[1107],"product_cat":[733,735],"product_tag":[860,859,757],"class_list":{"0":"post-987526040","1":"product","2":"type-product","3":"status-publish","4":"has-post-thumbnail","6":"product_brand-raijmakers-heetmakers","7":"product_cat-artisan-sauces","8":"product_cat-hot-sauces","9":"product_tag-jaajos-hot-seat","10":"product_tag-lypsytube","11":"product_tag-smoky","12":"pa_chililajike-chipotle","13":"pa_chililajike-habanero","14":"pa_tulisuus-2-5-medium","16":"first","17":"instock","18":"taxable","19":"shipping-taxable","20":"purchasable","21":"product-type-simple"},"_links":{"self":[{"href":"https:\/\/soosikauppa.fi\/en\/wp-json\/wp\/v2\/product\/987526040","targetHints":{"allow":["GET"]}}],"collection":[{"href":"https:\/\/soosikauppa.fi\/en\/wp-json\/wp\/v2\/product"}],"about":[{"href":"https:\/\/soosikauppa.fi\/en\/wp-json\/wp\/v2\/types\/product"}],"replies":[{"embeddable":true,"href":"https:\/\/soosikauppa.fi\/en\/wp-json\/wp\/v2\/comments?post=987526040"}],"wp:featuredmedia":[{"embeddable":true,"href":"https:\/\/soosikauppa.fi\/en\/wp-json\/wp\/v2\/media\/987522773"}],"wp:attachment":[{"href":"https:\/\/soosikauppa.fi\/en\/wp-json\/wp\/v2\/media?parent=987526040"}],"wp:term":[{"taxonomy":"product_brand","embeddable":true,"href":"https:\/\/soosikauppa.fi\/en\/wp-json\/wp\/v2\/product_brand?post=987526040"},{"taxonomy":"product_cat","embeddable":true,"href":"https:\/\/soosikauppa.fi\/en\/wp-json\/wp\/v2\/product_cat?post=987526040"},{"taxonomy":"product_tag","embeddable":true,"href":"https:\/\/soosikauppa.fi\/en\/wp-json\/wp\/v2\/product_tag?post=987526040"}],"curies":[{"name":"wp","href":"https:\/\/api.w.org\/{rel}","templated":true}]}}