{"id":987526000,"date":"2021-07-18T00:48:57","date_gmt":"2021-07-17T21:48:57","guid":{"rendered":"https:\/\/soosikauppa.fi\/tuote\/karma-sauce-burn-after-eating-hot-sauce-148ml\/"},"modified":"2026-04-01T23:04:26","modified_gmt":"2026-04-01T20:04:26","slug":"karma-sauce-burn-after-eating-hot-sauce-148ml","status":"publish","type":"product","link":"https:\/\/soosikauppa.fi\/en\/product\/karma-sauce-burn-after-eating-hot-sauce-148ml\/","title":{"rendered":"Karma Sauce Burn After Eating Hot Sauce 148ml"},"content":{"rendered":"<p>Ingredients: A brutal mix of the world\u2019s hottest chilies, white wine vinegar, garlic, salt, Ajwain seeds, Amchoor, Hing powder (rice flour, arabic gum E414, Asafoetida, turmeric), ginger extract.<\/p>\n<p>Nutritional information per 100g:<br \/>\nEnergy: 231 kJ \/ 55.2 kcal<br \/>\nFat: 0.7 g<br \/>\n\u2013 of which saturated: 0.1 g<br \/>\nCarbohydrates: 11 g<br \/>\n\u2013 of which sugars: 4.9 g<br \/>\nProtein: 2.3 g<br \/>\nSalt: 0.48 g<\/p>\n<div class=\"video-container\"><iframe title=\"LypsyTube Goes HOT ONES!! Janni Hussi kertoo el\u00e4m\u00e4st\u00e4\u00e4n maailman tulisimpien siipien \u00e4\u00e4rell\u00e4 \ud83d\udd25\" width=\"1170\" height=\"658\" src=\"https:\/\/www.youtube.com\/embed\/GO9BvC4PXJ8?feature=oembed\" frameborder=\"0\" allow=\"accelerometer; autoplay; clipboard-write; encrypted-media; gyroscope; picture-in-picture; web-share\" referrerpolicy=\"strict-origin-when-cross-origin\" allowfullscreen><\/iframe><\/div>\n<div class=\"video-container\"><iframe title=\"MAKUTESTI - KARMA SAUCE: BURN AFTER EATING CHILIKASTIKE\" width=\"1170\" height=\"658\" src=\"https:\/\/www.youtube.com\/embed\/M4FEcTfmJE8?feature=oembed\" frameborder=\"0\" allow=\"accelerometer; autoplay; clipboard-write; encrypted-media; gyroscope; picture-in-picture; web-share\" referrerpolicy=\"strict-origin-when-cross-origin\" allowfullscreen><\/iframe><\/div>\n","protected":false},"excerpt":{"rendered":"<p>Karma Sauce Burn After Eating is packed with unique flavor from green mango, ajwain (yes, I had to Google it too! \u2013 a rare aromatic Asian spice), and hing powder. Sealed with a top-secret blend of super-hot chilies like Ghost, Scorpion, Reaper, 7 Pot Brown, and 7 Pot Primo.<\/p>\n<p>This isn&#8217;t a sauce you eat \u2013 it&#8217;s a sauce you survive. \u26a0 Karma&#8217;s hottest sauce ever! \u26a0 <\/p>\n<p>Hot Ones \u2013 Season 10 \u2013 Wing #9 \u2013 669,000 Scovilles<\/p>\n<p>Origin: USA<\/p>\n<p>Contents: 148 ml<\/p>\n","protected":false},"featured_media":987522681,"comment_status":"open","ping_status":"closed","template":"","meta":{"_seopress_robots_primary_cat":"none","_seopress_titles_title":"Karma Sauce Burn After Eating Hot Sauce 148ml | Soosikauppa","_seopress_titles_desc":"","_seopress_robots_index":""},"product_brand":[1098],"product_cat":[733,736,735],"product_tag":[764],"class_list":{"0":"post-987526000","1":"product","2":"type-product","3":"status-publish","4":"has-post-thumbnail","6":"product_brand-karma-sauce","7":"product_cat-artisan-sauces","8":"product_cat-hot-ones-en","9":"product_cat-hot-sauces","10":"product_tag-hot-ones","11":"pa_chililajike-7-pot-brown","12":"pa_chililajike-7-pot-primo","13":"pa_chililajike-bhut-jolokia","14":"pa_chililajike-carolina-reaper","15":"pa_chililajike-trinidad-scorpion","16":"pa_tulisuus-5-5-extremely-hot","18":"first","19":"outofstock","20":"taxable","21":"shipping-taxable","22":"purchasable","23":"product-type-simple"},"_links":{"self":[{"href":"https:\/\/soosikauppa.fi\/en\/wp-json\/wp\/v2\/product\/987526000","targetHints":{"allow":["GET"]}}],"collection":[{"href":"https:\/\/soosikauppa.fi\/en\/wp-json\/wp\/v2\/product"}],"about":[{"href":"https:\/\/soosikauppa.fi\/en\/wp-json\/wp\/v2\/types\/product"}],"replies":[{"embeddable":true,"href":"https:\/\/soosikauppa.fi\/en\/wp-json\/wp\/v2\/comments?post=987526000"}],"wp:featuredmedia":[{"embeddable":true,"href":"https:\/\/soosikauppa.fi\/en\/wp-json\/wp\/v2\/media\/987522681"}],"wp:attachment":[{"href":"https:\/\/soosikauppa.fi\/en\/wp-json\/wp\/v2\/media?parent=987526000"}],"wp:term":[{"taxonomy":"product_brand","embeddable":true,"href":"https:\/\/soosikauppa.fi\/en\/wp-json\/wp\/v2\/product_brand?post=987526000"},{"taxonomy":"product_cat","embeddable":true,"href":"https:\/\/soosikauppa.fi\/en\/wp-json\/wp\/v2\/product_cat?post=987526000"},{"taxonomy":"product_tag","embeddable":true,"href":"https:\/\/soosikauppa.fi\/en\/wp-json\/wp\/v2\/product_tag?post=987526000"}],"curies":[{"name":"wp","href":"https:\/\/api.w.org\/{rel}","templated":true}]}}