{"id":987525885,"date":"2025-10-23T22:13:54","date_gmt":"2025-10-23T19:13:54","guid":{"rendered":"https:\/\/soosikauppa.fi\/?post_type=product&#038;p=987525885"},"modified":"2026-04-13T18:43:17","modified_gmt":"2026-04-13T15:43:17","slug":"crazy-bastard-carolina-reaper-blueberry-hot-sauce-100ml-kopio-kopio-kopio-kopio-kopio-kopio-kopio-kopio","status":"publish","type":"product","link":"https:\/\/soosikauppa.fi\/en\/product\/crazy-bastard-carolina-reaper-blueberry-hot-sauce-100ml-kopio-kopio-kopio-kopio-kopio-kopio-kopio-kopio\/","title":{"rendered":"Antillean Coast Derota &#8211; Lime, Passion Fruit &amp; Trinidad Scorpion Hot Sauce 100ml"},"content":{"rendered":"<p>Ingredients: Mango, passion fruit (24.4%), vinegar, Trinidad Scorpion chili powder (5.1%), sea salt, lime juice (2.5%), water, piccalilli (<strong>MUSTARD<\/strong>), <strong>MUSTARD<\/strong>, dried onion, dried garlic.<\/p>\n<p>Nutritional values per 100 g<br \/>Energy: 318 kJ \/ 76 kcal<br \/>Fat: 0.2 g<br \/>\u2013 of which saturated: 0 g<br \/>Carbohydrates: 17.6 g<br \/>\u2013 of which sugars: 5.1 g<br \/>Protein: 2.2 g<br \/>Salt: 4.4 g<\/p>\n\n<p><\/p>\n","protected":false},"excerpt":{"rendered":"<p data-start=\"81\" data-end=\"489\">Derota is a bold and multi-layered sauce that combines the fresh tang of lime, the tropical sweetness of passion fruit, and the intense heat of Trinidad Scorpion chili. The result is a vibrant, well-balanced flavour experience that takes your food to a whole new level. <\/p>\n<p data-start=\"81\" data-end=\"489\">This sauce pairs perfectly with grilled meats, fish, chicken, tacos, or any dish inspired by tropical flavours. Every drop reveals bright citrus notes, deep fruitiness, and fiery heat \u2014 together making Derota a truly unforgettable experience. <\/p>\n<p data-start=\"84\" data-end=\"389\">Origin: Netherlands<\/p>\n<p>Contents: 100 ml<\/p>\n","protected":false},"featured_media":987525887,"comment_status":"open","ping_status":"closed","template":"","meta":{"_seopress_robots_primary_cat":"none","_seopress_titles_title":"","_seopress_titles_desc":"Derota yhdist\u00e4\u00e4 limen raikkauden, passionhedelm\u00e4n makeuden ja Trinidad Scorpion -chilin tulisuuden. T\u00e4ydellinen grillille, tacoihin ja trooppisiin annoksiin.","_seopress_robots_index":""},"product_brand":[1131],"product_cat":[733,735],"product_tag":[840,881],"class_list":{"0":"post-987525885","1":"product","2":"type-product","3":"status-publish","4":"has-post-thumbnail","6":"product_brand-antillean-coast","7":"product_cat-artisan-sauces","8":"product_cat-hot-sauces","9":"product_tag-lime","10":"product_tag-passion-fruit","11":"pa_chililajike-trinidad-scorpion","12":"pa_tulisuus-5-5-extremely-hot","14":"first","15":"instock","16":"taxable","17":"shipping-taxable","18":"purchasable","19":"product-type-simple"},"_links":{"self":[{"href":"https:\/\/soosikauppa.fi\/en\/wp-json\/wp\/v2\/product\/987525885","targetHints":{"allow":["GET"]}}],"collection":[{"href":"https:\/\/soosikauppa.fi\/en\/wp-json\/wp\/v2\/product"}],"about":[{"href":"https:\/\/soosikauppa.fi\/en\/wp-json\/wp\/v2\/types\/product"}],"replies":[{"embeddable":true,"href":"https:\/\/soosikauppa.fi\/en\/wp-json\/wp\/v2\/comments?post=987525885"}],"wp:featuredmedia":[{"embeddable":true,"href":"https:\/\/soosikauppa.fi\/en\/wp-json\/wp\/v2\/media\/987525887"}],"wp:attachment":[{"href":"https:\/\/soosikauppa.fi\/en\/wp-json\/wp\/v2\/media?parent=987525885"}],"wp:term":[{"taxonomy":"product_brand","embeddable":true,"href":"https:\/\/soosikauppa.fi\/en\/wp-json\/wp\/v2\/product_brand?post=987525885"},{"taxonomy":"product_cat","embeddable":true,"href":"https:\/\/soosikauppa.fi\/en\/wp-json\/wp\/v2\/product_cat?post=987525885"},{"taxonomy":"product_tag","embeddable":true,"href":"https:\/\/soosikauppa.fi\/en\/wp-json\/wp\/v2\/product_tag?post=987525885"}],"curies":[{"name":"wp","href":"https:\/\/api.w.org\/{rel}","templated":true}]}}