{"id":987525852,"date":"2025-10-23T20:03:27","date_gmt":"2025-10-23T17:03:27","guid":{"rendered":"https:\/\/soosikauppa.fi\/?post_type=product&#038;p=987525852"},"modified":"2026-03-13T21:37:03","modified_gmt":"2026-03-13T19:37:03","slug":"crazy-bastard-carolina-reaper-blueberry-hot-sauce-100ml-kopio-kopio-kopio","status":"publish","type":"product","link":"https:\/\/soosikauppa.fi\/en\/product\/crazy-bastard-carolina-reaper-blueberry-hot-sauce-100ml-kopio-kopio-kopio\/","title":{"rendered":"Antillean Coast Guava Seaweed Hot Sauce 100ml"},"content":{"rendered":"<p>Ingredients: Guava (73%), vinegar, Madame Jeanette chili (4.7%), sea salt, water, piccalilli (<strong>MUSTARD<\/strong>, <strong>WHEAT<\/strong>), Habanero chili, <strong>MUSTARD<\/strong>, dried onion, dried dulse seaweed flakes (0.6%), dried garlic.<\/p>\n<p>Nutritional values per 100 g<br \/>Energy: 294 kJ \/ 59 kcal<br \/>Fat: 0.8 g<br \/>\u2013 of which saturated: 0.2 g<br \/>Carbohydrates: 15.5 g<br \/>\u2013 of which sugars: 6.6 g<br \/>Protein: 2.3 g<br \/>Salt: 4.5 g<\/p>\n\n<p><\/p>\n","protected":false},"excerpt":{"rendered":"<p data-start=\"93\" data-end=\"416\">Experience a tropical flavour adventure where sweetness meets umami. Guava Seaweed Hot Sauce is made with 72% juicy guava, giving it a fruity and gently sweet note. Seaweed adds a subtle salty depth and rich umami touch, creating a beautifully balanced taste in every bite.  <\/p>\n<p data-start=\"418\" data-end=\"619\">Inspired by the vibrant flavours of Aruba, this sauce is playful, fresh, and bold all at once \u2013 the perfect choice for those who crave sweet heat with a hint of ocean-inspired surprise.<\/p>\n<p data-start=\"621\" data-end=\"699\">A perfect addition to fish dishes, seafood, chicken, rice, or vegetable meals.<\/p>\n<p>Origin: Netherlands<\/p>\n<p>Contents: 100 ml<\/p>\n","protected":false},"featured_media":987525855,"comment_status":"open","ping_status":"closed","template":"","meta":{"_seopress_robots_primary_cat":"none","_seopress_titles_title":"","_seopress_titles_desc":"Guava Seaweed Hot Sauce yhdist\u00e4\u00e4 guavan makeuden ja merilev\u00e4n umamin. T\u00e4ydellinen lis\u00e4 kalaruokiin, kanaan ja kasvisannoksiin. Kokeile trooppista tulisuutta!","_seopress_robots_index":""},"product_brand":[945],"product_cat":[503,59],"product_tag":[951],"class_list":{"0":"post-987525852","1":"product","2":"type-product","3":"status-publish","4":"has-post-thumbnail","6":"product_brand-antillean-coast","7":"product_cat-artesaanikastikkeet","8":"product_cat-chilisoosit","9":"product_tag-guava","10":"pa_chililajike-habanero","11":"pa_chililajike-madame-jeanette","12":"pa_tulisuus-1-5-mieto","14":"first","15":"instock","16":"taxable","17":"shipping-taxable","18":"purchasable","19":"product-type-simple"},"_links":{"self":[{"href":"https:\/\/soosikauppa.fi\/en\/wp-json\/wp\/v2\/product\/987525852","targetHints":{"allow":["GET"]}}],"collection":[{"href":"https:\/\/soosikauppa.fi\/en\/wp-json\/wp\/v2\/product"}],"about":[{"href":"https:\/\/soosikauppa.fi\/en\/wp-json\/wp\/v2\/types\/product"}],"replies":[{"embeddable":true,"href":"https:\/\/soosikauppa.fi\/en\/wp-json\/wp\/v2\/comments?post=987525852"}],"wp:featuredmedia":[{"embeddable":true,"href":"https:\/\/soosikauppa.fi\/en\/wp-json\/wp\/v2\/media\/987525855"}],"wp:attachment":[{"href":"https:\/\/soosikauppa.fi\/en\/wp-json\/wp\/v2\/media?parent=987525852"}],"wp:term":[{"taxonomy":"product_brand","embeddable":true,"href":"https:\/\/soosikauppa.fi\/en\/wp-json\/wp\/v2\/product_brand?post=987525852"},{"taxonomy":"product_cat","embeddable":true,"href":"https:\/\/soosikauppa.fi\/en\/wp-json\/wp\/v2\/product_cat?post=987525852"},{"taxonomy":"product_tag","embeddable":true,"href":"https:\/\/soosikauppa.fi\/en\/wp-json\/wp\/v2\/product_tag?post=987525852"}],"curies":[{"name":"wp","href":"https:\/\/api.w.org\/{rel}","templated":true}]}}