{"id":987525463,"date":"2024-04-23T10:08:09","date_gmt":"2024-04-23T07:08:09","guid":{"rendered":"https:\/\/soosikauppa.fi\/tuote\/crazy-bastard-habanero-tomatillo-hot-sauce-100ml\/"},"modified":"2026-01-08T14:20:31","modified_gmt":"2026-01-08T12:20:31","slug":"crazy-bastard-habanero-tomatillo-hot-sauce-100ml","status":"publish","type":"product","link":"https:\/\/soosikauppa.fi\/en\/product\/crazy-bastard-habanero-tomatillo-hot-sauce-100ml\/","title":{"rendered":"Crazy Bastard Habanero &amp; Tomatillo Hot Sauce 100ml"},"content":{"rendered":"<p>Ingredients: Paprika, tomatillo (22%), onion, Habanero chili (20%), white wine vinegar, apple, lime, garlic, olive oil, sea salt.<\/p>\n<p>Nutritional information per 100 grams:<br \/>\nEnergy: 236 kJ \/ 56 kcal<br \/>\nFat: 0.7 g<br \/>\n\u2013 of which saturated: 0.1 g<br \/>\nCarbohydrates: 8.7 g<br \/>\n\u2013 of which sugar: 7.9 g<br \/>\nProtein: 1.6 g<br \/>\nSalt: 0.3 g<\/p>\n<p>\ud83d\udd25Tulikaste\ud83d\udd25 \u2013 Aku Hirviniemi and Jaajo navigate through awkward acting situations.<\/p>\n<p>Wing 5 (Aku&#8217;s current projects):<\/p>\n<div class=\"video-container\"><iframe title=\"\ud83d\udd25Tulikaste\ud83d\udd25 - Aku Hirviniemi ja Jaajo k\u00e4y l\u00e4pi n\u00e4yttelemisen kiusallisia tilanteita\" width=\"1170\" height=\"658\" src=\"https:\/\/www.youtube.com\/embed\/6YGvuLFloxQ?start=1863&#038;feature=oembed\" frameborder=\"0\" allow=\"accelerometer; autoplay; clipboard-write; encrypted-media; gyroscope; picture-in-picture; web-share\" referrerpolicy=\"strict-origin-when-cross-origin\" allowfullscreen><\/iframe><\/div>\n<div class=\"video-container\"><iframe title=\"MAKUTESTI - CRAZY BASTARD SAUCE: HABANERO &amp; TOMATILLO CHILIKASTIKE\" width=\"1170\" height=\"658\" src=\"https:\/\/www.youtube.com\/embed\/hSPj2F2BtsE?feature=oembed\" frameborder=\"0\" allow=\"accelerometer; autoplay; clipboard-write; encrypted-media; gyroscope; picture-in-picture; web-share\" referrerpolicy=\"strict-origin-when-cross-origin\" allowfullscreen><\/iframe><\/div>\n<div class=\"video-container\"><iframe title=\"Crazy Bastard chilikastikkeet, vieraana LuckyAki\" width=\"1170\" height=\"658\" src=\"https:\/\/www.youtube.com\/embed\/GkWD1PpLgs0?feature=oembed\" frameborder=\"0\" allow=\"accelerometer; autoplay; clipboard-write; encrypted-media; gyroscope; picture-in-picture; web-share\" referrerpolicy=\"strict-origin-when-cross-origin\" allowfullscreen><\/iframe><\/div>\n","protected":false},"excerpt":{"rendered":"<p>A spicy Mexican-style hot sauce with Habanero chili and tomatillo. The original and award-winning Crazy Bastard sauce. A perfectly balanced flavor with just the right amount of &#8220;kick&#8221; for use on everything.<\/p>\n<p>Flavor:<br \/>\nA balanced combination of sweet, sour, salty, fruity, and spicy.<\/p>\n<p>Goes well with:<br \/>\nEverything! For example, burgers, pizza, pasta, rice dishes, stews, sandwiches, tacos, grilled foods, and more.<\/p>\n<p>Awards:<br \/>\n3rd place in the Hot Pepper Awards 2014 (Habanero category)<br \/>\n1st place in the World Hot Sauce Awards 2015 (Medium level)<br \/>\n1st place in the World Hot Sauce Awards 2016 (Medium level)<br \/>\nWinner of the Great Taste Awards 2017 (one star)<br \/>\nWinner of the Great Taste Awards 2018 (one star)<\/p>\n<p>Heat: 7\/10<br \/>\nScoville (estimated): 20,000 SHU<\/p>\n<p>Origin: Germany<\/p>\n<p>Contents: 100 ml<\/p>\n","protected":false},"featured_media":987523805,"comment_status":"open","ping_status":"closed","template":"","meta":{"_seopress_robots_primary_cat":"none","_seopress_titles_title":"","_seopress_titles_desc":"","_seopress_robots_index":""},"product_brand":[660],"product_cat":[503,59,265],"product_tag":[274,342,341,199],"class_list":{"0":"post-987525463","1":"product","2":"type-product","3":"status-publish","4":"has-post-thumbnail","6":"product_brand-crazy-bastard","7":"product_cat-artesaanikastikkeet","8":"product_cat-chilisoosit","9":"product_cat-texmex","10":"product_tag-gluteeniton","11":"product_tag-jaajon-tulikaste","12":"product_tag-lypsytube","13":"product_tag-tomatillo","14":"pa_chililajike-habanero","16":"first","17":"instock","18":"taxable","19":"shipping-taxable","20":"purchasable","21":"product-type-simple"},"_links":{"self":[{"href":"https:\/\/soosikauppa.fi\/en\/wp-json\/wp\/v2\/product\/987525463","targetHints":{"allow":["GET"]}}],"collection":[{"href":"https:\/\/soosikauppa.fi\/en\/wp-json\/wp\/v2\/product"}],"about":[{"href":"https:\/\/soosikauppa.fi\/en\/wp-json\/wp\/v2\/types\/product"}],"replies":[{"embeddable":true,"href":"https:\/\/soosikauppa.fi\/en\/wp-json\/wp\/v2\/comments?post=987525463"}],"wp:featuredmedia":[{"embeddable":true,"href":"https:\/\/soosikauppa.fi\/en\/wp-json\/wp\/v2\/media\/987523805"}],"wp:attachment":[{"href":"https:\/\/soosikauppa.fi\/en\/wp-json\/wp\/v2\/media?parent=987525463"}],"wp:term":[{"taxonomy":"product_brand","embeddable":true,"href":"https:\/\/soosikauppa.fi\/en\/wp-json\/wp\/v2\/product_brand?post=987525463"},{"taxonomy":"product_cat","embeddable":true,"href":"https:\/\/soosikauppa.fi\/en\/wp-json\/wp\/v2\/product_cat?post=987525463"},{"taxonomy":"product_tag","embeddable":true,"href":"https:\/\/soosikauppa.fi\/en\/wp-json\/wp\/v2\/product_tag?post=987525463"}],"curies":[{"name":"wp","href":"https:\/\/api.w.org\/{rel}","templated":true}]}}