{"id":987525087,"date":"2025-03-08T13:22:59","date_gmt":"2025-03-08T11:22:59","guid":{"rendered":"https:\/\/soosikauppa.fi\/tuote\/slap-ya-mama-low-sodium-blend-cajun-seasoning-170g\/"},"modified":"2026-03-26T16:03:19","modified_gmt":"2026-03-26T14:03:19","slug":"slap-ya-mama-low-sodium-blend-cajun-seasoning-170g","status":"publish","type":"product","link":"https:\/\/soosikauppa.fi\/en\/product\/slap-ya-mama-low-sodium-blend-cajun-seasoning-170g\/","title":{"rendered":"Slap Ya Mama Low Sodium Blend Cajun Seasoning 170g"},"content":{"rendered":"\n<p>Ingredients: Red chili, salt, black pepper, granulated sugar, granulated garlic, granulated onion, ground celery, granulated green bell pepper.<\/p>\n\n<p><\/p>\n","protected":false},"excerpt":{"rendered":"<h2 class=\"\" data-start=\"187\" data-end=\"289\"><strong data-start=\"190\" data-end=\"289\">Less salt, the same legendary flavor! \ud83d\udc9b\ud83c\udf36\ufe0f <\/strong><\/h2>\n<p class=\"\" data-start=\"291\" data-end=\"506\"><strong data-start=\"291\" data-end=\"344\">Delicious Cajun seasoning \u2013 now with less salt.<\/strong><br data-start=\"344\" data-end=\"347\">Slap Ya Mama knows how important healthy choices are. That\u2019s why this seasoning blend is made for those who want to cut down on sodium without sacrificing flavor. <\/p>\n<p class=\"\" data-start=\"508\" data-end=\"527\"><strong data-start=\"511\" data-end=\"525\">\ud83e\udd44 What do you get?<\/strong><\/p>\n<ul data-start=\"528\" data-end=\"656\">\n<li class=\"\" data-start=\"528\" data-end=\"568\">\n<p class=\"\" data-start=\"530\" data-end=\"568\">Rich, authentic Cajun flavor<\/p>\n<\/li>\n<li class=\"\" data-start=\"569\" data-end=\"614\">\n<p class=\"\" data-start=\"571\" data-end=\"614\">Less salt \u2013 more dependable flavor<\/p>\n<\/li>\n<li class=\"\" data-start=\"615\" data-end=\"656\">\n<p class=\"\" data-start=\"617\" data-end=\"656\">Perfect for everyday cooking<\/p>\n<\/li>\n<\/ul>\n<p class=\"\" data-start=\"658\" data-end=\"706\"><strong data-start=\"661\" data-end=\"706\">\ud83d\udca1 Use it like any Cajun seasoning:<\/strong><\/p>\n<ul data-start=\"707\" data-end=\"831\">\n<li class=\"\" data-start=\"707\" data-end=\"745\">\n<p class=\"\" data-start=\"709\" data-end=\"745\">For seasoning chicken, fish, and meat<\/p>\n<\/li>\n<li class=\"\" data-start=\"746\" data-end=\"777\">\n<p class=\"\" data-start=\"748\" data-end=\"777\">For vegetable dishes and soups<\/p>\n<\/li>\n<li class=\"\" data-start=\"778\" data-end=\"831\">\n<p class=\"\" data-start=\"780\" data-end=\"831\">For omelets, casseroles, or even on top of popcorn<\/p>\n<\/li>\n<\/ul>\n<p class=\"\" data-start=\"833\" data-end=\"893\">\ud83c\udf31 <strong data-start=\"836\" data-end=\"859\">100% natural<\/strong>. No additives, no compromises.<\/p>\n<p>&nbsp;<\/p>\n<p class=\"\" data-start=\"895\" data-end=\"939\"><strong data-start=\"898\" data-end=\"911\">\ud83c\udf0d Origin: <\/strong>USA<br data-start=\"915\" data-end=\"918\"><strong data-start=\"921\" data-end=\"933\">\ud83d\udce6 Contents:<\/strong> 170 g<\/p>\n","protected":false},"featured_media":987523942,"comment_status":"open","ping_status":"closed","template":"","meta":{"_seopress_robots_primary_cat":"none","_seopress_titles_title":"Slap Ya Mama Low Sodium Blend Cajun Seasoning 170g | Soosikauppa","_seopress_titles_desc":"V\u00e4hemm\u00e4n suolaa, sama legendaarinen maku! Autenttinen Cajun-mausteseos v\u00e4h\u00e4suolaisena antaa potkua ruoanlaittoon ja on t\u00e4ydellinen rub lihalle ja kasviksille.","_seopress_robots_index":""},"product_brand":[1115],"product_cat":[747,742],"product_tag":[754],"class_list":{"0":"post-987525087","1":"product","2":"type-product","3":"status-publish","4":"has-post-thumbnail","6":"product_brand-walker-sons","7":"product_cat-sale-section","8":"product_cat-spices","9":"product_tag-seasoned-salt","11":"first","12":"outofstock","13":"sale","14":"taxable","15":"shipping-taxable","16":"purchasable","17":"product-type-simple"},"_links":{"self":[{"href":"https:\/\/soosikauppa.fi\/en\/wp-json\/wp\/v2\/product\/987525087","targetHints":{"allow":["GET"]}}],"collection":[{"href":"https:\/\/soosikauppa.fi\/en\/wp-json\/wp\/v2\/product"}],"about":[{"href":"https:\/\/soosikauppa.fi\/en\/wp-json\/wp\/v2\/types\/product"}],"replies":[{"embeddable":true,"href":"https:\/\/soosikauppa.fi\/en\/wp-json\/wp\/v2\/comments?post=987525087"}],"wp:featuredmedia":[{"embeddable":true,"href":"https:\/\/soosikauppa.fi\/en\/wp-json\/wp\/v2\/media\/987523942"}],"wp:attachment":[{"href":"https:\/\/soosikauppa.fi\/en\/wp-json\/wp\/v2\/media?parent=987525087"}],"wp:term":[{"taxonomy":"product_brand","embeddable":true,"href":"https:\/\/soosikauppa.fi\/en\/wp-json\/wp\/v2\/product_brand?post=987525087"},{"taxonomy":"product_cat","embeddable":true,"href":"https:\/\/soosikauppa.fi\/en\/wp-json\/wp\/v2\/product_cat?post=987525087"},{"taxonomy":"product_tag","embeddable":true,"href":"https:\/\/soosikauppa.fi\/en\/wp-json\/wp\/v2\/product_tag?post=987525087"}],"curies":[{"name":"wp","href":"https:\/\/api.w.org\/{rel}","templated":true}]}}